{"id":2,"date":"2016-08-01T07:31:35","date_gmt":"2016-08-01T07:31:35","guid":{"rendered":"https:\/\/sardaisland.al\/?page_id=2"},"modified":"2026-05-06T19:39:48","modified_gmt":"2026-05-06T19:39:48","slug":"home","status":"publish","type":"page","link":"https:\/\/sardaisland.al\/en\/","title":{"rendered":"Home"},"content":{"rendered":"<div class=\"vc_row wpb_row vc_row-fluid\"><div class=\"wpb_column vc_column_container vc_col-sm-6\"><div class=\"vc_column-inner\"><div class=\"wpb_wrapper\"><div class=\"vc_empty_space\"   style=\"height: 2em\"><span class=\"vc_empty_space_inner\"><\/span><\/div><h2 class=\"sc_title sc_title_divider sc_align_center\" style=\"text-align:center;\"><span class=\"sc_title_divider_before\"><\/span>Miresevini ne Kompleksin Sarda<span class=\"sc_title_divider_after\"><\/span><\/h2>\n\t<div class=\"wpb_text_column wpb_content_element \" >\n\t\t<div class=\"wpb_wrapper\">\n\t\t\t<p class=\"\" style=\"text-align: center;\" data-start=\"62\" data-end=\"336\"><strong>E fshehur mes natyr\u00ebs s\u00eb paprekur dhe pran\u00eb uj\u00ebrave t\u00eb qeta t\u00eb Liqenit t\u00eb Vaut t\u00eb Dej\u00ebs, Sarda Restorant n\u00eb Rragam ju pret me nj\u00eb eksperienc\u00eb t\u00eb paharrueshme kulinare dhe pamje magjike. Veranda jon\u00eb ofron nj\u00eb panoram\u00eb mahnit\u00ebse q\u00eb qet\u00ebson shpirtin dhe ngjall \u00e7do shqis\u00eb.<\/strong><\/p>\n<p class=\"\" style=\"text-align: center;\" data-start=\"338\" data-end=\"682\"><strong>Shijoni pjatat e ve\u00e7anta t\u00eb kuzhin\u00ebs son\u00eb, t\u00eb p\u00ebrgatitura me kujdes dhe dashuri nga produktet m\u00eb t\u00eb fresk\u00ebta t\u00eb zon\u00ebs. Relaksohuni n\u00eb ambientet tona t\u00eb ngrohta dhe t\u00eb kuruara me stil, ku mikpritja \u00ebsht\u00eb pjes\u00eb e tradit\u00ebs son\u00eb. Nj\u00eb got\u00eb ver\u00eb n\u00eb verand\u00ebn ton\u00eb, me pamje nga liqeni n\u00eb per\u00ebndim, \u00ebsht\u00eb mjaftuesh\u00ebm p\u00ebr ta b\u00ebr\u00eb dit\u00ebn tuaj m\u00eb t\u00eb bukur.<\/strong><\/p>\n\n\t\t<\/div>\n\t<\/div>\n<div class=\"vc_empty_space\"   style=\"height: 0.9em\"><span class=\"vc_empty_space_inner\"><\/span><\/div><\/div><\/div><\/div><div class=\"wpb_column vc_column_container vc_col-sm-6\"><div class=\"vc_column-inner\"><div class=\"wpb_wrapper\"><div class=\"wpb_gallery wpb_content_element vc_clearfix\" ><div class=\"wpb_wrapper\"><div class=\"wpb_gallery_slides wpb_flexslider flexslider_fade flexslider\" data-interval=\"3\" data-flex_fx=\"fade\"><ul class=\"slides\"><li><a class=\"prettyphoto\" href=\"https:\/\/sardaisland.al\/wp-content\/uploads\/2026\/01\/SARDA-BUJTINA-RRAGAM-17-1024x683.jpg\" data-rel=\"prettyPhoto[rel-2-1907762299]\"><img loading=\"lazy\" decoding=\"async\" width=\"1024\" height=\"683\" src=\"https:\/\/sardaisland.al\/wp-content\/uploads\/2026\/01\/SARDA-BUJTINA-RRAGAM-17-1024x683.jpg\" class=\"attachment-large\" alt=\"\" srcset=\"https:\/\/sardaisland.al\/wp-content\/uploads\/2026\/01\/SARDA-BUJTINA-RRAGAM-17-1024x683.jpg 1024w, https:\/\/sardaisland.al\/wp-content\/uploads\/2026\/01\/SARDA-BUJTINA-RRAGAM-17-300x200.jpg 300w, https:\/\/sardaisland.al\/wp-content\/uploads\/2026\/01\/SARDA-BUJTINA-RRAGAM-17-768x512.jpg 768w, https:\/\/sardaisland.al\/wp-content\/uploads\/2026\/01\/SARDA-BUJTINA-RRAGAM-17-1536x1024.jpg 1536w, https:\/\/sardaisland.al\/wp-content\/uploads\/2026\/01\/SARDA-BUJTINA-RRAGAM-17-2048x1366.jpg 2048w, https:\/\/sardaisland.al\/wp-content\/uploads\/2026\/01\/SARDA-BUJTINA-RRAGAM-17-18x12.jpg 18w, https:\/\/sardaisland.al\/wp-content\/uploads\/2026\/01\/SARDA-BUJTINA-RRAGAM-17-600x400.jpg 600w\" sizes=\"auto, (max-width: 1024px) 100vw, 1024px\" \/><\/a><\/li><li><a class=\"prettyphoto\" href=\"https:\/\/sardaisland.al\/wp-content\/uploads\/2026\/01\/SARDA-BUJTINA-RRAGAM-12-1024x683.jpg\" data-rel=\"prettyPhoto[rel-2-1907762299]\"><img loading=\"lazy\" decoding=\"async\" width=\"1024\" height=\"683\" src=\"https:\/\/sardaisland.al\/wp-content\/uploads\/2026\/01\/SARDA-BUJTINA-RRAGAM-12-1024x683.jpg\" class=\"attachment-large\" alt=\"\" srcset=\"https:\/\/sardaisland.al\/wp-content\/uploads\/2026\/01\/SARDA-BUJTINA-RRAGAM-12-1024x683.jpg 1024w, https:\/\/sardaisland.al\/wp-content\/uploads\/2026\/01\/SARDA-BUJTINA-RRAGAM-12-300x200.jpg 300w, https:\/\/sardaisland.al\/wp-content\/uploads\/2026\/01\/SARDA-BUJTINA-RRAGAM-12-768x512.jpg 768w, https:\/\/sardaisland.al\/wp-content\/uploads\/2026\/01\/SARDA-BUJTINA-RRAGAM-12-1536x1024.jpg 1536w, https:\/\/sardaisland.al\/wp-content\/uploads\/2026\/01\/SARDA-BUJTINA-RRAGAM-12-2048x1366.jpg 2048w, https:\/\/sardaisland.al\/wp-content\/uploads\/2026\/01\/SARDA-BUJTINA-RRAGAM-12-18x12.jpg 18w, https:\/\/sardaisland.al\/wp-content\/uploads\/2026\/01\/SARDA-BUJTINA-RRAGAM-12-600x400.jpg 600w\" sizes=\"auto, (max-width: 1024px) 100vw, 1024px\" \/><\/a><\/li><li><a class=\"prettyphoto\" href=\"https:\/\/sardaisland.al\/wp-content\/uploads\/2026\/01\/SARDA-BUJTINA-RRAGAM-6-1024x683.jpg\" data-rel=\"prettyPhoto[rel-2-1907762299]\"><img loading=\"lazy\" decoding=\"async\" width=\"1024\" height=\"683\" src=\"https:\/\/sardaisland.al\/wp-content\/uploads\/2026\/01\/SARDA-BUJTINA-RRAGAM-6-1024x683.jpg\" class=\"attachment-large\" alt=\"\" srcset=\"https:\/\/sardaisland.al\/wp-content\/uploads\/2026\/01\/SARDA-BUJTINA-RRAGAM-6-1024x683.jpg 1024w, https:\/\/sardaisland.al\/wp-content\/uploads\/2026\/01\/SARDA-BUJTINA-RRAGAM-6-300x200.jpg 300w, https:\/\/sardaisland.al\/wp-content\/uploads\/2026\/01\/SARDA-BUJTINA-RRAGAM-6-768x512.jpg 768w, https:\/\/sardaisland.al\/wp-content\/uploads\/2026\/01\/SARDA-BUJTINA-RRAGAM-6-1536x1024.jpg 1536w, https:\/\/sardaisland.al\/wp-content\/uploads\/2026\/01\/SARDA-BUJTINA-RRAGAM-6-2048x1366.jpg 2048w, https:\/\/sardaisland.al\/wp-content\/uploads\/2026\/01\/SARDA-BUJTINA-RRAGAM-6-18x12.jpg 18w, https:\/\/sardaisland.al\/wp-content\/uploads\/2026\/01\/SARDA-BUJTINA-RRAGAM-6-600x400.jpg 600w\" sizes=\"auto, (max-width: 1024px) 100vw, 1024px\" \/><\/a><\/li><li><a class=\"prettyphoto\" href=\"https:\/\/sardaisland.al\/wp-content\/uploads\/2026\/01\/SARDA-BUJTINA-RRAGAM-3-1024x683.jpg\" data-rel=\"prettyPhoto[rel-2-1907762299]\"><img loading=\"lazy\" decoding=\"async\" width=\"1024\" height=\"683\" src=\"https:\/\/sardaisland.al\/wp-content\/uploads\/2026\/01\/SARDA-BUJTINA-RRAGAM-3-1024x683.jpg\" class=\"attachment-large\" alt=\"\" srcset=\"https:\/\/sardaisland.al\/wp-content\/uploads\/2026\/01\/SARDA-BUJTINA-RRAGAM-3-1024x683.jpg 1024w, https:\/\/sardaisland.al\/wp-content\/uploads\/2026\/01\/SARDA-BUJTINA-RRAGAM-3-300x200.jpg 300w, https:\/\/sardaisland.al\/wp-content\/uploads\/2026\/01\/SARDA-BUJTINA-RRAGAM-3-768x512.jpg 768w, https:\/\/sardaisland.al\/wp-content\/uploads\/2026\/01\/SARDA-BUJTINA-RRAGAM-3-1536x1024.jpg 1536w, https:\/\/sardaisland.al\/wp-content\/uploads\/2026\/01\/SARDA-BUJTINA-RRAGAM-3-2048x1366.jpg 2048w, https:\/\/sardaisland.al\/wp-content\/uploads\/2026\/01\/SARDA-BUJTINA-RRAGAM-3-18x12.jpg 18w, https:\/\/sardaisland.al\/wp-content\/uploads\/2026\/01\/SARDA-BUJTINA-RRAGAM-3-600x400.jpg 600w\" sizes=\"auto, (max-width: 1024px) 100vw, 1024px\" \/><\/a><\/li><li><a class=\"prettyphoto\" href=\"https:\/\/sardaisland.al\/wp-content\/uploads\/2026\/01\/SARDA-BUJTINA-RRAGAM-1-1024x683.jpg\" data-rel=\"prettyPhoto[rel-2-1907762299]\"><img loading=\"lazy\" decoding=\"async\" width=\"1024\" height=\"683\" src=\"https:\/\/sardaisland.al\/wp-content\/uploads\/2026\/01\/SARDA-BUJTINA-RRAGAM-1-1024x683.jpg\" class=\"attachment-large\" alt=\"\" srcset=\"https:\/\/sardaisland.al\/wp-content\/uploads\/2026\/01\/SARDA-BUJTINA-RRAGAM-1-1024x683.jpg 1024w, https:\/\/sardaisland.al\/wp-content\/uploads\/2026\/01\/SARDA-BUJTINA-RRAGAM-1-300x200.jpg 300w, https:\/\/sardaisland.al\/wp-content\/uploads\/2026\/01\/SARDA-BUJTINA-RRAGAM-1-768x512.jpg 768w, https:\/\/sardaisland.al\/wp-content\/uploads\/2026\/01\/SARDA-BUJTINA-RRAGAM-1-1536x1024.jpg 1536w, https:\/\/sardaisland.al\/wp-content\/uploads\/2026\/01\/SARDA-BUJTINA-RRAGAM-1-2048x1366.jpg 2048w, https:\/\/sardaisland.al\/wp-content\/uploads\/2026\/01\/SARDA-BUJTINA-RRAGAM-1-18x12.jpg 18w, https:\/\/sardaisland.al\/wp-content\/uploads\/2026\/01\/SARDA-BUJTINA-RRAGAM-1-600x400.jpg 600w\" sizes=\"auto, (max-width: 1024px) 100vw, 1024px\" \/><\/a><\/li><li><a class=\"prettyphoto\" href=\"https:\/\/sardaisland.al\/wp-content\/uploads\/2026\/01\/SARDA-BUJTINA-RRAGAM-27-1024x683.jpg\" data-rel=\"prettyPhoto[rel-2-1907762299]\"><img loading=\"lazy\" decoding=\"async\" width=\"1024\" height=\"683\" src=\"https:\/\/sardaisland.al\/wp-content\/uploads\/2026\/01\/SARDA-BUJTINA-RRAGAM-27-1024x683.jpg\" class=\"attachment-large\" alt=\"\" srcset=\"https:\/\/sardaisland.al\/wp-content\/uploads\/2026\/01\/SARDA-BUJTINA-RRAGAM-27-1024x683.jpg 1024w, https:\/\/sardaisland.al\/wp-content\/uploads\/2026\/01\/SARDA-BUJTINA-RRAGAM-27-300x200.jpg 300w, https:\/\/sardaisland.al\/wp-content\/uploads\/2026\/01\/SARDA-BUJTINA-RRAGAM-27-768x512.jpg 768w, https:\/\/sardaisland.al\/wp-content\/uploads\/2026\/01\/SARDA-BUJTINA-RRAGAM-27-1536x1024.jpg 1536w, https:\/\/sardaisland.al\/wp-content\/uploads\/2026\/01\/SARDA-BUJTINA-RRAGAM-27-2048x1366.jpg 2048w, https:\/\/sardaisland.al\/wp-content\/uploads\/2026\/01\/SARDA-BUJTINA-RRAGAM-27-18x12.jpg 18w, https:\/\/sardaisland.al\/wp-content\/uploads\/2026\/01\/SARDA-BUJTINA-RRAGAM-27-600x400.jpg 600w\" sizes=\"auto, (max-width: 1024px) 100vw, 1024px\" \/><\/a><\/li><\/ul><\/div><\/div><\/div>\n\t<div class=\"wpb_text_column wpb_content_element \" >\n\t\t<div class=\"wpb_wrapper\">\n\t\t\t<p style=\"text-align: center;\"><a href=\"https:\/\/sardaisland.al\/bujtina-sarda\/\">Galeria<\/a><\/p>\n\n\t\t<\/div>\n\t<\/div>\n<div class=\"vc_separator wpb_content_element vc_separator_align_center vc_sep_width_100 vc_sep_pos_align_center vc_separator_no_text vc_sep_color_grey\" ><span class=\"vc_sep_holder vc_sep_holder_l\"><span  class=\"vc_sep_line\"><\/span><\/span><span class=\"vc_sep_holder vc_sep_holder_r\"><span  class=\"vc_sep_line\"><\/span><\/span>\n<\/div><\/div><\/div><\/div><\/div><div class=\"vc_row wpb_row vc_row-fluid\"><div class=\"wpb_column vc_column_container vc_col-sm-6\"><div class=\"vc_column-inner\"><div class=\"wpb_wrapper\"><\/div><\/div><\/div><div class=\"wpb_column vc_column_container vc_col-sm-6\"><div class=\"vc_column-inner\"><div class=\"wpb_wrapper\"><\/div><\/div><\/div><\/div><div class=\"vc_row wpb_row vc_row-fluid\"><div class=\"wpb_column vc_column_container vc_col-sm-12\"><div class=\"vc_column-inner\"><div class=\"wpb_wrapper\">\n\t<div class=\"wpb_video_widget wpb_content_element vc_clearfix   vc_video-aspect-ratio-916 vc_video-el-width-100 vc_video-align-left\" >\n\t\t<div class=\"wpb_wrapper\">\n\t\t\t\n\t\t\t<div class=\"wpb_video_wrapper\"><iframe loading=\"lazy\" title=\"Sarda Restaurant - Rragam, Albania\" width=\"563\" height=\"1000\" src=\"https:\/\/www.youtube.com\/embed\/Lkq6fi-OOKk?feature=oembed\" frameborder=\"0\" allow=\"accelerometer; autoplay; clipboard-write; encrypted-media; gyroscope; picture-in-picture; web-share\" referrerpolicy=\"strict-origin-when-cross-origin\" allowfullscreen><\/iframe><\/div>\n\t\t<\/div>\n\t<\/div>\n<\/div><\/div><\/div><\/div><div data-vc-full-width=\"true\" data-vc-full-width-init=\"false\" class=\"vc_row wpb_row vc_row-fluid vc_custom_1471003001624 vc_row-has-fill\"><div class=\"wpb_column vc_column_container vc_col-sm-12\"><div class=\"vc_column-inner\"><div class=\"wpb_wrapper\"><div class=\"vc_empty_space\"   style=\"height: 1.5em\"><span class=\"vc_empty_space_inner\"><\/span><\/div><div class=\"sc_testimonials_wrap sc_section scheme_dark\" style=\"\"><div class=\"sc_section_overlay\" style=\"\"><div id=\"sc_testimonials_61125526\" class=\"sc_testimonials sc_testimonials_style_testimonials-1  margin_top_huge margin_bottom_huge\" style=\"width:100%;\"><h6 class=\"sc_testimonials_subtitle sc_item_subtitle\">Disa pershtypje ne Google Maps<\/h6><h2 class=\"sc_testimonials_title sc_item_title sc_item_title_without_descr\">Cfare mendojne vizitoret?<\/h2><div class=\"sc_slider_swiper swiper-slider-container sc_slider_nopagination sc_slider_controls sc_slider_controls_side sc_slider_height_auto\" data-interval=\"7466\" data-slides-min-width=\"250\"><div class=\"slides swiper-wrapper\"><div class=\"swiper-slide\" data-style=\"width:100%;\" style=\"width:100%;\">\t\t\t<div id=\"sc_testimonials_61125526_1\" class=\"sc_testimonial_item big\">\n\t\t\t\t<div class=\"sc_testimonial_content\"><p>Vend shume i bukur, me pejsazh fantastik<br \/>\nUshqim i mire dhe staf shume i sjellshem<br \/>\nRruga nje pjese te vogel diku te 3 km esht pak e pa shtruar por e perballueshme<br \/>\nNga restoranti mund te shkosh me varke dhe ne ishullin e sardes ku mund te vizitohet kalaja dhe pjese te tjera te historise, duke prenotuar udhetimin nje dite para.<\/p>\n<\/div>\n\t\t\t\t\t\t\t\t\t\t\t\t<div class=\"sc_testimonial_author\"><span class=\"sc_testimonial_author_name\">Jonida Manelli<\/span><\/div>\n\t\t\t\t\t\t\t<\/div>\n\t\t<\/div><div class=\"swiper-slide\" data-style=\"width:100%;\" style=\"width:100%;\">\t\t\t<div id=\"sc_testimonials_61125526_2\" class=\"sc_testimonial_item big\">\n\t\t\t\t<div class=\"sc_testimonial_content\"><p>Food is delicious and perfect view.<\/p>\n<\/div>\n\t\t\t\t\t\t\t\t\t\t\t\t<div class=\"sc_testimonial_author\"><span class=\"sc_testimonial_author_name\">Olsi Serti<\/span><\/div>\n\t\t\t\t\t\t\t<\/div>\n\t\t<\/div><div class=\"swiper-slide\" data-style=\"width:100%;\" style=\"width:100%;\">\t\t\t<div id=\"sc_testimonials_61125526_3\" class=\"sc_testimonial_item big\">\n\t\t\t\t<div class=\"sc_testimonial_content\"><p>Perfect place. Sarda island.<\/p>\n<\/div>\n\t\t\t\t\t\t\t\t\t\t\t\t<div class=\"sc_testimonial_author\"><span class=\"sc_testimonial_author_name\">Gentjan Canaj<\/span><\/div>\n\t\t\t\t\t\t\t<\/div>\n\t\t<\/div><\/div><div class=\"sc_slider_controls_wrap\"><a class=\"sc_slider_prev\" href=\"#\"><\/a><a class=\"sc_slider_next\" href=\"#\"><\/a><\/div><div class=\"sc_slider_pagination_wrap\"><\/div><\/div><\/div><\/div><\/div><div class=\"vc_empty_space\"   style=\"height: 2.3em\"><span class=\"vc_empty_space_inner\"><\/span><\/div><\/div><\/div><\/div><\/div><div class=\"vc_row-full-width vc_clearfix\"><\/div><div class=\"vc_row wpb_row vc_row-fluid\"><div class=\"wpb_column vc_column_container vc_col-sm-12\"><div class=\"vc_column-inner\"><div class=\"wpb_wrapper\"><div class=\"vc_empty_space\"   style=\"height: 2.4em\"><span class=\"vc_empty_space_inner\"><\/span><\/div><div class=\"vc_empty_space\"   style=\"height: 2.4em\"><span class=\"vc_empty_space_inner\"><\/span><\/div><\/div><\/div><\/div><\/div><div class=\"vc_row wpb_row vc_row-fluid\"><div class=\"wpb_column vc_column_container vc_col-sm-12\"><div class=\"vc_column-inner\"><div class=\"wpb_wrapper\"><div class=\"sc_line sc_line_position_center_center sc_line_style_image margin_top_small margin_bottom_null\" style=\"height:3px;background-image: url(https:\/\/sardaisland.al\/wp-content\/uploads\/2016\/08\/bg_line.png);background-repeat: repeat-x;\"><\/div><div class=\"vc_empty_space\"   style=\"height: 0.3em\"><span class=\"vc_empty_space_inner\"><\/span><\/div><div class=\"columns_wrap sc_columns columns_fluid sc_columns_count_3 social_col \"><div class=\"column-1_3 sc_column_item sc_column_item_1 odd first\"><div class=\"vc_empty_space\"   style=\"height: 1em\"><span class=\"vc_empty_space_inner\"><\/span><\/div><h4 class=\"sc_title sc_title_iconed sc_align_center text_link_subtitle \" style=\"text-align:center;\"><span class=\"sc_title_icon sc_title_icon_left  sc_title_icon_small icon-facebook\"><\/span><a href=\"https:\/\/www.facebook.com\/Sarda-Island-104134728633778\/\" target=\"_blank\" rel=\"noopener noreferrer\">Facebook<\/a><\/h4><div class=\"vc_empty_space\"   style=\"height: 0.6em\"><span class=\"vc_empty_space_inner\"><\/span><\/div><\/div><div class=\"column-1_3 sc_column_item sc_column_item_2 even\"><div class=\"vc_empty_space\"   style=\"height: 1em\"><span class=\"vc_empty_space_inner\"><\/span><\/div><div class=\"vc_empty_space\"   style=\"height: 0.6em\"><span class=\"vc_empty_space_inner\"><\/span><\/div><\/div><div class=\"column-1_3 sc_column_item sc_column_item_3 odd\"><div class=\"vc_empty_space\"   style=\"height: 1em\"><span class=\"vc_empty_space_inner\"><\/span><\/div><h4 class=\"sc_title sc_title_iconed sc_align_center text_link_subtitle \" style=\"text-align:center;color:#ffffff;\"><span class=\"sc_title_icon sc_title_icon_left  sc_title_icon_small icon-instagramm\"><\/span><a href=\"https:\/\/www.instagram.com\/sarda.island\/\" target=\"_blank\" rel=\"noopener noreferrer\">Instagram<\/a><\/h4><div class=\"vc_empty_space\"   style=\"height: 0.6em\"><span class=\"vc_empty_space_inner\"><\/span><\/div><\/div><\/div><div class=\"sc_line sc_line_position_center_center sc_line_style_image margin_top_null margin_bottom_small\" style=\"height:3px;background-image: url(https:\/\/sardaisland.al\/wp-content\/uploads\/2016\/08\/bg_line.png);background-repeat: repeat-x;\"><\/div><\/div><\/div><\/div><\/div><div class=\"vc_row wpb_row vc_row-fluid\"><div class=\"wpb_column vc_column_container vc_col-sm-12\"><div class=\"vc_column-inner\"><div class=\"wpb_wrapper\"><h2 style=\"text-align: center;font-family:Abril Fatface;font-weight:400;font-style:normal\" class=\"vc_custom_heading\" ><a href=\"https:\/\/sardaisland.al\/kamping-parking-sarda-albania\/\" title=\"KAMPING &amp; PARKING\">KAMPING<\/a><\/h2>\n\t<div class=\"wpb_text_column wpb_content_element \" >\n\t\t<div class=\"wpb_wrapper\">\n\t\t\t<p style=\"text-align: center;\"><strong>N\u00ebse k\u00ebrkoni nj\u00eb arratisje t\u00eb v\u00ebrtet\u00eb nga rutina, Sarda Restorant &amp; Camping n\u00eb Rragam \u00ebsht\u00eb destinacioni ideal. I vendosur pran\u00eb brigjeve t\u00eb mrekullueshme t\u00eb Liqenit t\u00eb Vaut t\u00eb Dej\u00ebs, ky vend unik ju ofron m\u00eb shum\u00eb se nj\u00eb vakt t\u00eb shijsh\u00ebm \u2013 ju ofron nj\u00eb p\u00ebrvoj\u00eb t\u00eb plot\u00eb n\u00eb natyr\u00eb.<\/strong><\/p>\n\n\t\t<\/div>\n\t<\/div>\n<\/div><\/div><\/div><\/div><div class=\"vc_row wpb_row vc_row-fluid\"><div class=\"wpb_column vc_column_container vc_col-sm-12\"><div class=\"vc_column-inner\"><div class=\"wpb_wrapper\"><\/div><\/div><\/div><\/div>\n","protected":false},"excerpt":{"rendered":"Perfect place. Sarda island.","protected":false},"author":1,"featured_media":0,"parent":0,"menu_order":0,"comment_status":"closed","ping_status":"closed","template":"","meta":{"footnotes":""},"class_list":["post-2","page","type-page","status-publish","hentry"],"_links":{"self":[{"href":"https:\/\/sardaisland.al\/en\/wp-json\/wp\/v2\/pages\/2","targetHints":{"allow":["GET"]}}],"collection":[{"href":"https:\/\/sardaisland.al\/en\/wp-json\/wp\/v2\/pages"}],"about":[{"href":"https:\/\/sardaisland.al\/en\/wp-json\/wp\/v2\/types\/page"}],"author":[{"embeddable":true,"href":"https:\/\/sardaisland.al\/en\/wp-json\/wp\/v2\/users\/1"}],"replies":[{"embeddable":true,"href":"https:\/\/sardaisland.al\/en\/wp-json\/wp\/v2\/comments?post=2"}],"version-history":[{"count":20,"href":"https:\/\/sardaisland.al\/en\/wp-json\/wp\/v2\/pages\/2\/revisions"}],"predecessor-version":[{"id":1895,"href":"https:\/\/sardaisland.al\/en\/wp-json\/wp\/v2\/pages\/2\/revisions\/1895"}],"wp:attachment":[{"href":"https:\/\/sardaisland.al\/en\/wp-json\/wp\/v2\/media?parent=2"}],"curies":[{"name":"wp","href":"https:\/\/api.w.org\/{rel}","templated":true}]}}