{"id":143,"date":"2016-08-01T15:28:57","date_gmt":"2016-08-01T15:28:57","guid":{"rendered":"https:\/\/sardaisland.al\/?page_id=143"},"modified":"2016-08-09T07:24:22","modified_gmt":"2016-08-09T07:24:22","slug":"portfolio-3-columns","status":"publish","type":"page","link":"https:\/\/sardaisland.al\/en\/portfolio-3-columns\/","title":{"rendered":"Portfolio 3 columns"},"content":{"rendered":"<div class=\"vc_row wpb_row vc_row-fluid\"><div class=\"wpb_column vc_column_container vc_col-sm-12\"><div class=\"vc_column-inner\"><div class=\"wpb_wrapper\"><div id=\"sc_blogger_1025801264\" class=\"sc_blogger layout_gallery_3 template_gallery  sc_blogger_horizontal sc_scroll_controls sc_scroll_controls_type_top sc_scroll_controls_horizontal\"><div id=\"sc_blogger_1025801264_scroll\" class=\"sc_scroll sc_scroll_horizontal sc_slider_noresize swiper-slider-container scroll-container\" style=\"width:100%;\"><div class=\"sc_scroll_wrapper swiper-wrapper\"><div class=\"sc_scroll_slide swiper-slide\"><div class=\"isotope_filters\"><\/div><div class=\"isotope_wrap\" data-columns=\"3\">\t\t<div class=\"isotope_item isotope_item_gallery isotope_item_gallery_3 isotope_column_3\t\t\t flt_65 flt_64 flt_62 flt_63\"\n\t\t\tdata-size=\"2560x1440\"\n\t\t\tdata-src=\"https:\/\/sardaisland.al\/wp-content\/uploads\/2016\/08\/4-SARDA-SHURDHAH-ISLAND-SHURDHAHIT-KISHA-CHURCH-TERENC-PEPA-SHKODER-SHKODRA-ALBANIA-SHQIPERIA-scaled-1.jpg\"\n\t\t\t>\n\t\t\t<div class=\"post_item post_item_gallery post_item_gallery_3\t\t\t\tpost_format_standard odd\">\n\t\t\t\t<div class=\"post_content isotope_item_content\">\n\t\t\t\t\t<div class=\"post_featured\"><img loading=\"lazy\" decoding=\"async\" class=\"wp-post-image\" width=\"370\" height=\"208\" alt=\"Ishulli i Sard\u00ebs: Qyteti mesjetar q\u00eb u kthye n\u00eb ishull\" src=\"https:\/\/sardaisland.al\/wp-content\/uploads\/2016\/08\/4-SARDA-SHURDHAH-ISLAND-SHURDHAHIT-KISHA-CHURCH-TERENC-PEPA-SHKODER-SHKODRA-ALBANIA-SHQIPERIA-scaled-1-370x208.jpg\">\t\t\t\t\t\t<div class=\"post_details\">\n\t\t\t\t\t\t\t<div class=\"post_category\"><a href=\"https:\/\/sardaisland.al\/en\/category\/blog\/\">Blog<\/a><\/div>\t\t\t\t\t\t\t<h2 class=\"post_title\"><a href=\"https:\/\/sardaisland.al\/en\/ishulli-i-sardes-qyteti-mesjetar-qe-u-kthye-ne-ishull\/\">Sarda (Shurdhah) Island: The Medieval City that Became an Island<\/a><\/h2>\n\t\t\t\t\t\t\t<div class=\"post_description\">\n\t\t\t\t\t\t\t\t<p class=\"post_info\">\n\t\t\t<span class=\"post_info_item post_info_posted\"> <a href=\"https:\/\/sardaisland.al\/en\/ishulli-i-sardes-qyteti-mesjetar-qe-u-kthye-ne-ishull\/\" class=\"post_info_date\">01\/08\/2016<\/a><\/span>\n\t\t\t\t<span class=\"post_info_item post_info_counters\">\t<a class=\"post_counters_item post_counters_views icon-eye\" title=\"Views - 2315\" href=\"https:\/\/sardaisland.al\/en\/ishulli-i-sardes-qyteti-mesjetar-qe-u-kthye-ne-ishull\/\"><span class=\"post_counters_number\">2315<\/span><\/a>\n\t\t<a class=\"post_counters_item post_counters_comments icon-comment\" title=\"Comments - 0\" href=\"https:\/\/sardaisland.al\/en\/ishulli-i-sardes-qyteti-mesjetar-qe-u-kthye-ne-ishull\/#respond\"><span class=\"post_counters_number\">0<\/span><\/a>\n\t\t<a class=\"post_counters_item post_counters_likes icon-heart enabled\" title=\"Like\" href=\"#\"\n\t\tdata-postid=\"69\"\n\t\tdata-likes=\"4\"\n\t\tdata-title-like=\"Like\"\n\t\tdata-title-dislike=\"Dislike\"><span class=\"post_counters_number\">4<\/span><\/a>\n\t<\/span>\n\t\t<\/p><p>Nj\u00eb nga vendet m\u00eb interesante p\u00ebr t\u2019u vizituar jo vet\u00ebm p\u00ebr historin\u00eb, por edhe p\u00ebr natyr\u00ebn tejet t\u00ebrheq\u00ebse, \u00ebsht\u00eb Ishulli i Shurdhahut, i njohur dhe si Sarda n\u00eb histori! N\u00ebse <\/p><p class=\"post_buttons\"><\/p>\t\t\t\t\t\t\t<\/div>\n\t\t\t\t\t\t<\/div>\n\t\t\t\t\t\t<a href=\"#\" class=\"hover_icon hover_icon_zoom\"><\/a>\n\t\t\t\t\t<\/div>\n\t\t\t\t<\/div>\n\t\t\t<\/div>\n\t\t<\/div>\n\t\t\t\t<div class=\"isotope_item isotope_item_gallery isotope_item_gallery_3 isotope_column_3\t\t\t flt_65 flt_62 flt_63\"\n\t\t\tdata-size=\"2560x1440\"\n\t\t\tdata-src=\"https:\/\/sardaisland.al\/wp-content\/uploads\/2016\/08\/3-SARDA-SHURDHAH-ISLAND-SHURDHAHIT-KISHA-CHURCH-TERENC-PEPA-SHKODER-SHKODRA-ALBANIA-SHQIPERIA-scaled-1.jpg\"\n\t\t\t>\n\t\t\t<div class=\"post_item post_item_gallery post_item_gallery_3\t\t\t\tpost_format_standard even\">\n\t\t\t\t<div class=\"post_content isotope_item_content\">\n\t\t\t\t\t<div class=\"post_featured\"><img loading=\"lazy\" decoding=\"async\" class=\"wp-post-image\" width=\"370\" height=\"208\" alt=\"Ishulli i Sard\u00ebs, qyteti mesjetar q\u00eb u kthye n\u00eb ishull dhe ku familja e Lek\u00eb Dukagjinit kishte rezidenc\u00ebn\" src=\"https:\/\/sardaisland.al\/wp-content\/uploads\/2016\/08\/3-SARDA-SHURDHAH-ISLAND-SHURDHAHIT-KISHA-CHURCH-TERENC-PEPA-SHKODER-SHKODRA-ALBANIA-SHQIPERIA-scaled-1-370x208.jpg\">\t\t\t\t\t\t<div class=\"post_details\">\n\t\t\t\t\t\t\t<div class=\"post_category\"><a href=\"https:\/\/sardaisland.al\/en\/category\/blog\/\">Blog<\/a><\/div>\t\t\t\t\t\t\t<h2 class=\"post_title\"><a href=\"https:\/\/sardaisland.al\/en\/ishulli-i-sardes-qyteti-mesjetar-qe-u-kthye-ne-ishull-dhe-ku-familja-e-leke-dukagjinit-kishte-rezidencen\/\">Ishulli i Sard\u00ebs, qyteti mesjetar q\u00eb u kthye n\u00eb ishull dhe ku familja e Lek\u00eb Dukagjinit kishte rezidenc\u00ebn<\/a><\/h2>\n\t\t\t\t\t\t\t<div class=\"post_description\">\n\t\t\t\t\t\t\t\t<p class=\"post_info\">\n\t\t\t<span class=\"post_info_item post_info_posted\"> <a href=\"https:\/\/sardaisland.al\/en\/ishulli-i-sardes-qyteti-mesjetar-qe-u-kthye-ne-ishull-dhe-ku-familja-e-leke-dukagjinit-kishte-rezidencen\/\" class=\"post_info_date\">01\/08\/2016<\/a><\/span>\n\t\t\t\t<span class=\"post_info_item post_info_counters\">\t<a class=\"post_counters_item post_counters_views icon-eye\" title=\"Views - 1884\" href=\"https:\/\/sardaisland.al\/en\/ishulli-i-sardes-qyteti-mesjetar-qe-u-kthye-ne-ishull-dhe-ku-familja-e-leke-dukagjinit-kishte-rezidencen\/\"><span class=\"post_counters_number\">1884<\/span><\/a>\n\t\t<a class=\"post_counters_item post_counters_comments icon-comment\" title=\"Comments - 0\" href=\"https:\/\/sardaisland.al\/en\/ishulli-i-sardes-qyteti-mesjetar-qe-u-kthye-ne-ishull-dhe-ku-familja-e-leke-dukagjinit-kishte-rezidencen\/#respond\"><span class=\"post_counters_number\">0<\/span><\/a>\n\t\t<a class=\"post_counters_item post_counters_likes icon-heart enabled\" title=\"Like\" href=\"#\"\n\t\tdata-postid=\"68\"\n\t\tdata-likes=\"1\"\n\t\tdata-title-like=\"Like\"\n\t\tdata-title-dislike=\"Dislike\"><span class=\"post_counters_number\">1<\/span><\/a>\n\t<\/span>\n\t\t<\/p><p>Nj\u00eb nga vendet m\u00eb interesante p\u00ebr t\u2019u vizituar jo vet\u00ebm p\u00ebr historin\u00eb, por edhe p\u00ebr natyr\u00ebn tejet t\u00ebrheq\u00ebse, \u00ebsht\u00eb Ishulli i Shurdhahut, i njohur dhe si Sarda n\u00eb histori! Pas <\/p><p class=\"post_buttons\"><\/p>\t\t\t\t\t\t\t<\/div>\n\t\t\t\t\t\t<\/div>\n\t\t\t\t\t\t<a href=\"#\" class=\"hover_icon hover_icon_zoom\"><\/a>\n\t\t\t\t\t<\/div>\n\t\t\t\t<\/div>\n\t\t\t<\/div>\n\t\t<\/div>\n\t\t<\/div><\/div><\/div><div id=\"sc_blogger_1025801264_scroll_bar\" class=\"sc_scroll_bar sc_scroll_bar_horizontal sc_blogger_1025801264_scroll_bar\"><\/div><\/div><\/div><\/div><\/div><\/div><\/div>","protected":false},"excerpt":{"rendered":"Nj\u00eb nga vendet m\u00eb interesante p\u00ebr t\u2019u vizituar jo vet\u00ebm p\u00ebr historin\u00eb, por edhe p\u00ebr natyr\u00ebn tejet t\u00ebrheq\u00ebse, \u00ebsht\u00eb Ishulli i Shurdhahut, i njohur dhe si Sarda n\u00eb histori! Pas [...]","protected":false},"author":1,"featured_media":0,"parent":0,"menu_order":0,"comment_status":"closed","ping_status":"closed","template":"","meta":{"footnotes":""},"class_list":["post-143","page","type-page","status-publish","hentry"],"_links":{"self":[{"href":"https:\/\/sardaisland.al\/en\/wp-json\/wp\/v2\/pages\/143","targetHints":{"allow":["GET"]}}],"collection":[{"href":"https:\/\/sardaisland.al\/en\/wp-json\/wp\/v2\/pages"}],"about":[{"href":"https:\/\/sardaisland.al\/en\/wp-json\/wp\/v2\/types\/page"}],"author":[{"embeddable":true,"href":"https:\/\/sardaisland.al\/en\/wp-json\/wp\/v2\/users\/1"}],"replies":[{"embeddable":true,"href":"https:\/\/sardaisland.al\/en\/wp-json\/wp\/v2\/comments?post=143"}],"version-history":[{"count":0,"href":"https:\/\/sardaisland.al\/en\/wp-json\/wp\/v2\/pages\/143\/revisions"}],"wp:attachment":[{"href":"https:\/\/sardaisland.al\/en\/wp-json\/wp\/v2\/media?parent=143"}],"curies":[{"name":"wp","href":"https:\/\/api.w.org\/{rel}","templated":true}]}}