{"id":1276,"date":"2016-08-12T06:25:11","date_gmt":"2016-08-12T06:25:11","guid":{"rendered":"https:\/\/sardaisland.al\/?page_id=1276"},"modified":"2025-05-19T12:15:20","modified_gmt":"2025-05-19T12:15:20","slug":"kamping-parking-sarda-albania","status":"publish","type":"page","link":"https:\/\/sardaisland.al\/en\/kamping-parking-sarda-albania\/","title":{"rendered":"KAMPING &#038; PARKING"},"content":{"rendered":"<div class=\"vc_row wpb_row vc_row-fluid\"><div class=\"wpb_column vc_column_container vc_col-sm-12\"><div class=\"vc_column-inner\"><div class=\"wpb_wrapper\"><div class=\"vc-hoverbox-wrapper  vc-hoverbox-shape--rounded vc-hoverbox-align--center vc-hoverbox-direction--default vc-hoverbox-width--100\"  ontouchstart=\"\">\n  <div class=\"vc-hoverbox\">\n    <div class=\"vc-hoverbox-inner\">\n      <div class=\"vc-hoverbox-block vc-hoverbox-front\" style=\"background-image: url(https:\/\/sardaisland.al\/wp-content\/uploads\/2022\/01\/sarda-camping.jpg);\">\n        <div class=\"vc-hoverbox-block-inner vc-hoverbox-front-inner\">\n            \n        <\/div>\n      <\/div>\n      <div class=\"vc-hoverbox-block vc-hoverbox-back\" style=\"background-color: #ebebeb;\">\n        <div class=\"vc-hoverbox-block-inner vc-hoverbox-back-inner\">\n            <h2 style=\"text-align:center\">Ju mirepresim<\/h2>\n            <p class=\"\" data-start=\"85\" data-end=\"245\">P\u00ebr t\u00eb gjith\u00eb turist\u00ebt dhe pushuesit q\u00eb udh\u00ebtojn\u00eb me kamper\u00eb apo rrulota, <strong data-start=\"159\" data-end=\"168\">Sarda<\/strong> ofron nj\u00eb hap\u00ebsir\u00eb t\u00eb dedikuar dhe t\u00eb mir\u00eborganizuar p\u00ebr kamping dhe parkim.<\/p>\n<p class=\"\" data-start=\"247\" data-end=\"567\">Ambienti yn\u00eb ofron <strong data-start=\"266\" data-end=\"302\">kapacitet p\u00ebr deri n\u00eb 15 rrulota<\/strong>, me \u00e7do vend t\u00eb pajisur me <strong data-start=\"330\" data-end=\"359\">energji elektrike dhe uj\u00eb<\/strong>, p\u00ebr t\u00eb plot\u00ebsuar nevojat higjeno-sanitare t\u00eb udh\u00ebtar\u00ebve. Gjithashtu, kemi t\u00eb instaluar nj\u00eb <strong data-start=\"452\" data-end=\"504\">pik\u00eb t\u00eb ve\u00e7ant\u00eb p\u00ebr shkarkimin e uj\u00ebrave t\u00eb zeza<\/strong>, e pozicionuar n\u00eb m\u00ebnyr\u00eb t\u00eb p\u00ebrshtatshme p\u00ebr t\u00eb gjitha mjetet.<\/p>\n<p class=\"\" data-start=\"569\" data-end=\"748\">Q\u00ebndroni pran\u00eb natyr\u00ebs pa hequr dor\u00eb nga komoditeti \u2013 zgjidhni <strong data-start=\"632\" data-end=\"649\">Sarda Camping<\/strong>, ku liqeni, qet\u00ebsia dhe sh\u00ebrbimet cil\u00ebsore krijojn\u00eb nj\u00eb ndales\u00eb t\u00eb paharrueshme n\u00eb udh\u00ebtimin tuaj.<\/p>\n<p><strong data-start=\"750\" data-end=\"862\">Ju lutem rezervoni n\u00eb nr. 068 274 2221 ose na shkruani n\u00eb Instagram.<\/strong><br data-start=\"862\" data-end=\"865\" \/>Ju presim!<\/p>\n\n            \n        <\/div>\n      <\/div>\n    <\/div>\n  <\/div>\n<\/div><\/div><\/div><\/div><\/div>","protected":false},"excerpt":{"rendered":"Ju mirepresim P\u00ebr t\u00eb gjith\u00eb turist\u00ebt dhe pushuesit q\u00eb udh\u00ebtojn\u00eb me kamper\u00eb apo rrulota, Sarda ofron nj\u00eb hap\u00ebsir\u00eb t\u00eb dedikuar dhe t\u00eb mir\u00eborganizuar p\u00ebr kamping dhe parkim. Ambienti yn\u00eb ofron [...]","protected":false},"author":1,"featured_media":0,"parent":0,"menu_order":0,"comment_status":"closed","ping_status":"closed","template":"","meta":{"footnotes":""},"class_list":["post-1276","page","type-page","status-publish","hentry"],"_links":{"self":[{"href":"https:\/\/sardaisland.al\/en\/wp-json\/wp\/v2\/pages\/1276","targetHints":{"allow":["GET"]}}],"collection":[{"href":"https:\/\/sardaisland.al\/en\/wp-json\/wp\/v2\/pages"}],"about":[{"href":"https:\/\/sardaisland.al\/en\/wp-json\/wp\/v2\/types\/page"}],"author":[{"embeddable":true,"href":"https:\/\/sardaisland.al\/en\/wp-json\/wp\/v2\/users\/1"}],"replies":[{"embeddable":true,"href":"https:\/\/sardaisland.al\/en\/wp-json\/wp\/v2\/comments?post=1276"}],"version-history":[{"count":4,"href":"https:\/\/sardaisland.al\/en\/wp-json\/wp\/v2\/pages\/1276\/revisions"}],"predecessor-version":[{"id":1796,"href":"https:\/\/sardaisland.al\/en\/wp-json\/wp\/v2\/pages\/1276\/revisions\/1796"}],"wp:attachment":[{"href":"https:\/\/sardaisland.al\/en\/wp-json\/wp\/v2\/media?parent=1276"}],"curies":[{"name":"wp","href":"https:\/\/api.w.org\/{rel}","templated":true}]}}